{"id":2,"date":"2023-12-07T17:28:11","date_gmt":"2023-12-07T16:28:11","guid":{"rendered":"http:\/\/clair-g-hin.fr\/?page_id=2"},"modified":"2023-12-08T17:22:45","modified_gmt":"2023-12-08T16:22:45","slug":"page-d-exemple","status":"publish","type":"page","link":"https:\/\/clair-g-hin.fr\/","title":{"rendered":"Accueil"},"content":{"rendered":"<p style=\"text-align: center;\"><b>Autrice en exp\u00e9rimentation<span class=\"Apple-converted-space\">\u00a0 <\/span>dans le champ de l\u2019\u00e9crit et\u00a0du\u00a0podcast, je m\u00e8ne des projets qui convergent vers la\u00a0cr\u00e9ation de liens humains, avec pour outil les mots, qu\u2019ils\u00a0soient \u00e9crits, collect\u00e9s,<span class=\"Apple-converted-space\">\u00a0 <\/span>jou\u00e9s ou chant\u00e9s, abordant des\u00a0sujets comme les racines<span class=\"Apple-converted-space\">\u00a0 <\/span>ou la m\u00e9moire.<\/b><\/p>\n<p><img decoding=\"async\" class=\"aligncenter wp-image-31 size-thumbnail\" src=\"https:\/\/clair-g-hin.fr\/wp-content\/uploads\/2023\/12\/cropped-960x960px-copie-150x150.png\" alt=\"\" width=\"150\" height=\"150\" srcset=\"https:\/\/clair-g-hin.fr\/wp-content\/uploads\/2023\/12\/cropped-960x960px-copie-150x150.png 150w, https:\/\/clair-g-hin.fr\/wp-content\/uploads\/2023\/12\/cropped-960x960px-copie-300x300.png 300w, https:\/\/clair-g-hin.fr\/wp-content\/uploads\/2023\/12\/cropped-960x960px-copie-270x270.png 270w, https:\/\/clair-g-hin.fr\/wp-content\/uploads\/2023\/12\/cropped-960x960px-copie-192x192.png 192w, https:\/\/clair-g-hin.fr\/wp-content\/uploads\/2023\/12\/cropped-960x960px-copie-180x180.png 180w, https:\/\/clair-g-hin.fr\/wp-content\/uploads\/2023\/12\/cropped-960x960px-copie-32x32.png 32w, https:\/\/clair-g-hin.fr\/wp-content\/uploads\/2023\/12\/cropped-960x960px-copie.png 512w\" sizes=\"(max-width: 150px) 100vw, 150px\" \/><\/p>\n<p style=\"text-align: center;\">Mon site est en construction, vous retrouverez, tr\u00e8s bient\u00f4t, mes projets et cr\u00e9ations en cours.<br \/>\nEn attendant, vous pouvez acc\u00e9der \u00e0 mon\u00a0<a href=\"https:\/\/clair-g-hin.fr\/?sdm_process_download=1&amp;download_id=82\">C.V.<\/a><\/p>\n","protected":false},"excerpt":{"rendered":"<p>Autrice en exp\u00e9rimentation\u00a0 dans le champ de l\u2019\u00e9crit et\u00a0du\u00a0podcast, je m\u00e8ne des projets qui convergent vers la\u00a0cr\u00e9ation de liens humains, avec pour outil les mots, qu\u2019ils\u00a0soient \u00e9crits, collect\u00e9s,\u00a0 jou\u00e9s ou chant\u00e9s, abordant des\u00a0sujets comme les racines\u00a0 ou la m\u00e9moire. Mon site est en construction, vous retrouverez, tr\u00e8s bient\u00f4t, mes projets et cr\u00e9ations en cours. En &hellip;<\/p>\n","protected":false},"author":1,"featured_media":0,"parent":0,"menu_order":0,"comment_status":"closed","ping_status":"closed","template":"","meta":{"footnotes":""},"class_list":["post-2","page","type-page","status-publish","hentry"],"_links":{"self":[{"href":"https:\/\/clair-g-hin.fr\/index.php\/wp-json\/wp\/v2\/pages\/2","targetHints":{"allow":["GET"]}}],"collection":[{"href":"https:\/\/clair-g-hin.fr\/index.php\/wp-json\/wp\/v2\/pages"}],"about":[{"href":"https:\/\/clair-g-hin.fr\/index.php\/wp-json\/wp\/v2\/types\/page"}],"author":[{"embeddable":true,"href":"https:\/\/clair-g-hin.fr\/index.php\/wp-json\/wp\/v2\/users\/1"}],"replies":[{"embeddable":true,"href":"https:\/\/clair-g-hin.fr\/index.php\/wp-json\/wp\/v2\/comments?post=2"}],"version-history":[{"count":9,"href":"https:\/\/clair-g-hin.fr\/index.php\/wp-json\/wp\/v2\/pages\/2\/revisions"}],"predecessor-version":[{"id":83,"href":"https:\/\/clair-g-hin.fr\/index.php\/wp-json\/wp\/v2\/pages\/2\/revisions\/83"}],"wp:attachment":[{"href":"https:\/\/clair-g-hin.fr\/index.php\/wp-json\/wp\/v2\/media?parent=2"}],"curies":[{"name":"wp","href":"https:\/\/api.w.org\/{rel}","templated":true}]}}